{"id":1548,"date":"2021-11-05T12:48:34","date_gmt":"2021-11-05T12:48:34","guid":{"rendered":"https:\/\/web72.net\/demos\/Urbelca1\/?page_id=1548"},"modified":"2021-11-05T13:10:39","modified_gmt":"2021-11-05T13:10:39","slug":"asesorias","status":"publish","type":"page","link":"https:\/\/u-build.es\/en\/asesorias\/","title":{"rendered":"Consulting"},"content":{"rendered":"<div data-elementor-type=\"wp-page\" data-elementor-id=\"1548\" class=\"elementor elementor-1548\" data-elementor-post-type=\"page\">\n\t\t\t\t\t\t<section class=\"elementor-section elementor-top-section elementor-element elementor-element-da4cd9f elementor-section-boxed elementor-section-height-default elementor-section-height-default\" data-id=\"da4cd9f\" data-element_type=\"section\" data-e-type=\"section\" data-settings=\"{&quot;background_background&quot;:&quot;classic&quot;}\">\n\t\t\t\t\t\t<div class=\"elementor-container elementor-column-gap-default\">\n\t\t\t\t\t<div class=\"elementor-column elementor-col-100 elementor-top-column elementor-element elementor-element-bb3f558\" data-id=\"bb3f558\" data-element_type=\"column\" data-e-type=\"column\">\n\t\t\t<div class=\"elementor-widget-wrap elementor-element-populated\">\n\t\t\t\t\t\t<div class=\"elementor-element elementor-element-a0ee6b8 animated-slow elementor-invisible elementor-widget elementor-widget-heading\" data-id=\"a0ee6b8\" data-element_type=\"widget\" data-e-type=\"widget\" data-settings=\"{&quot;_animation&quot;:&quot;fadeInRight&quot;}\" data-widget_type=\"heading.default\">\n\t\t\t\t<div class=\"elementor-widget-container\">\n\t\t\t\t\t<h2 class=\"elementor-heading-title elementor-size-default\">ASESOR\u00cdAS<\/h2>\t\t\t\t<\/div>\n\t\t\t\t<\/div>\n\t\t\t\t\t<\/div>\n\t\t<\/div>\n\t\t\t\t\t<\/div>\n\t\t<\/section>\n\t\t\t\t<section class=\"elementor-section elementor-top-section elementor-element elementor-element-c8ea506 elementor-section-boxed elementor-section-height-default elementor-section-height-default\" data-id=\"c8ea506\" data-element_type=\"section\" data-e-type=\"section\" data-settings=\"{&quot;background_background&quot;:&quot;classic&quot;}\">\n\t\t\t\t\t\t<div class=\"elementor-container elementor-column-gap-default\">\n\t\t\t\t\t<div class=\"elementor-column elementor-col-100 elementor-top-column elementor-element elementor-element-11889f6\" data-id=\"11889f6\" data-element_type=\"column\" data-e-type=\"column\" data-settings=\"{&quot;background_background&quot;:&quot;classic&quot;}\">\n\t\t\t<div class=\"elementor-widget-wrap elementor-element-populated\">\n\t\t\t\t\t\t<div class=\"elementor-element elementor-element-b3d526d elementor-widget elementor-widget-heading\" data-id=\"b3d526d\" data-element_type=\"widget\" data-e-type=\"widget\" data-widget_type=\"heading.default\">\n\t\t\t\t<div class=\"elementor-widget-container\">\n\t\t\t\t\t<h2 class=\"elementor-heading-title elementor-size-default\">Planificaci\u00f3n arquitect\u00f3nica<\/h2>\t\t\t\t<\/div>\n\t\t\t\t<\/div>\n\t\t\t\t<div class=\"elementor-element elementor-element-daef17b elementor-widget elementor-widget-text-editor\" data-id=\"daef17b\" data-element_type=\"widget\" data-e-type=\"widget\" data-widget_type=\"text-editor.default\">\n\t\t\t\t<div class=\"elementor-widget-container\">\n\t\t\t\t\t\t\t\t\t<p><span>Suspendisse imperdiet quis elit vitae viverra.\u00a0Suspendisse en ultrices augue.\u00a0Donec nec tristique augue.\u00a0En eget viverra urna, un lobortis lacus.\u00a0Morbi aliquam ornare erat, in tempor libero eleifend non.\u00a0Mauris convallis sodales mauris, placerat porta magna venenatis quis.\u00a0En at tellus orci.\u00a0Mauris arcu orci, euismod nec dictum nec, cursus en quam.\u00a0Duis vel vulputate dolor<\/span><\/p><p><span>Nulla nisl ante, gravida imperdiet turpis non, laoreet hendrerit nibh.\u00a0Ut a massa ut odio gravida ultrices in a urna.\u00a0Aliquam non luctus odio.\u00a0Vestibulum volutpat justo libero, nec volutpat neque rhoncus quis.\u00a0Sed ligula erat, vestibulum a massa at, pulvinar ornare odio.\u00a0Mecenas pretium risus mauris, eget sagittis velit cursus eget.\u00a0Vivamus sit amet dui et felis tincidunt vulputate.\u00a0Praesent viverra viverra metus, ut euismod ante imperdiet in. Vivamus et pellentesque nibh, non congue est. Fusce at orci interdum, laoreet turpis ut, pulvinar justo.\u00a0Morbi ullamcorper eros sit amet lectus facilisis interdum.<\/span><\/p>\t\t\t\t\t\t\t\t<\/div>\n\t\t\t\t<\/div>\n\t\t\t\t<section class=\"elementor-section elementor-inner-section elementor-element elementor-element-fdbe2cf elementor-section-full_width elementor-section-height-default elementor-section-height-default\" data-id=\"fdbe2cf\" data-element_type=\"section\" data-e-type=\"section\">\n\t\t\t\t\t\t<div class=\"elementor-container elementor-column-gap-default\">\n\t\t\t\t\t<div class=\"elementor-column elementor-col-50 elementor-inner-column elementor-element elementor-element-e7426dc\" data-id=\"e7426dc\" data-element_type=\"column\" data-e-type=\"column\">\n\t\t\t<div class=\"elementor-widget-wrap elementor-element-populated\">\n\t\t\t\t\t\t<div class=\"elementor-element elementor-element-93b7168 elementor-widget elementor-widget-image\" data-id=\"93b7168\" data-element_type=\"widget\" data-e-type=\"widget\" data-widget_type=\"image.default\">\n\t\t\t\t<div class=\"elementor-widget-container\">\n\t\t\t\t\t\t\t\t\t\t\t\t\t\t\t<img fetchpriority=\"high\" decoding=\"async\" width=\"470\" height=\"316\" src=\"https:\/\/u-build.es\/wp-content\/uploads\/2021\/11\/post-services-01.jpg\" class=\"attachment-large size-large wp-image-1554\" alt=\"\" srcset=\"https:\/\/u-build.es\/wp-content\/uploads\/2021\/11\/post-services-01.jpg 470w, https:\/\/u-build.es\/wp-content\/uploads\/2021\/11\/post-services-01-300x202.jpg 300w\" sizes=\"(max-width: 470px) 100vw, 470px\" \/>\t\t\t\t\t\t\t\t\t\t\t\t\t\t\t<\/div>\n\t\t\t\t<\/div>\n\t\t\t\t\t<\/div>\n\t\t<\/div>\n\t\t\t\t<div class=\"elementor-column elementor-col-50 elementor-inner-column elementor-element elementor-element-31fd4e5\" data-id=\"31fd4e5\" data-element_type=\"column\" data-e-type=\"column\">\n\t\t\t<div class=\"elementor-widget-wrap elementor-element-populated\">\n\t\t\t\t\t\t<div class=\"elementor-element elementor-element-e6d3146 elementor-widget elementor-widget-image\" data-id=\"e6d3146\" data-element_type=\"widget\" data-e-type=\"widget\" data-widget_type=\"image.default\">\n\t\t\t\t<div class=\"elementor-widget-container\">\n\t\t\t\t\t\t\t\t\t\t\t\t\t\t\t<img decoding=\"async\" width=\"470\" height=\"316\" src=\"https:\/\/u-build.es\/wp-content\/uploads\/2021\/11\/post-services-02.jpg\" class=\"attachment-large size-large wp-image-1553\" alt=\"\" srcset=\"https:\/\/u-build.es\/wp-content\/uploads\/2021\/11\/post-services-02.jpg 470w, https:\/\/u-build.es\/wp-content\/uploads\/2021\/11\/post-services-02-300x202.jpg 300w\" sizes=\"(max-width: 470px) 100vw, 470px\" \/>\t\t\t\t\t\t\t\t\t\t\t\t\t\t\t<\/div>\n\t\t\t\t<\/div>\n\t\t\t\t\t<\/div>\n\t\t<\/div>\n\t\t\t\t\t<\/div>\n\t\t<\/section>\n\t\t\t\t<div class=\"elementor-element elementor-element-9c9b10d elementor-widget elementor-widget-heading\" data-id=\"9c9b10d\" data-element_type=\"widget\" data-e-type=\"widget\" data-widget_type=\"heading.default\">\n\t\t\t\t<div class=\"elementor-widget-container\">\n\t\t\t\t\t<h2 class=\"elementor-heading-title elementor-size-default\">Nada requiere m\u00e1s cuidado del arquitecto que las debidas proporciones de los edificios.<\/h2>\t\t\t\t<\/div>\n\t\t\t\t<\/div>\n\t\t\t\t<div class=\"elementor-element elementor-element-85c29b5 elementor-widget elementor-widget-text-editor\" data-id=\"85c29b5\" data-element_type=\"widget\" data-e-type=\"widget\" data-widget_type=\"text-editor.default\">\n\t\t\t\t<div class=\"elementor-widget-container\">\n\t\t\t\t\t\t\t\t\t<p>Aliquam erat volutpat.\u00a0Duis nec luctus magna, ut mollis libero.\u00a0Aenean non lacus tincidunt, ornare mauris aliquet, ultricies velit.\u00a0Ut porta risus ac justo laoreet congue.\u00a0Morbi sed varius odio, id vestibulum tellus.\u00a0Aliquam sem felis, vehicula at quam vel, pellentesqu malesuada lectus.\u00a0Curabitur quis sem non odio dictum posuere vel nec orci.\u00a0Nunc laoreet lectus effitur, laoreet ipsum in, congue nunc.\u00a0Praesent fringilla, ipsum euismod eleifend pulvinar, elit nulla tristique enim, nec sagittis lacus leo non mi.\u00a0Entero velit mauris, laoreet id gravida sed, vehicula vitae elit.\u00a0Nunc ornare bibendum laoreet.\u00a0Donec egestas, orci sagittis faucibus consequat, leo est mattis turpiame imperdiet ante massa ut risus.\u00a0Morbi sed varius odio, id vestibulum tellus.\u00a0Aliquam sem felis, vehicula at quam vel, pellentesque malesuada lectus.<\/p>\t\t\t\t\t\t\t\t<\/div>\n\t\t\t\t<\/div>\n\t\t\t\t<section class=\"elementor-section elementor-inner-section elementor-element elementor-element-9c69ae4 elementor-section-full_width elementor-section-height-default elementor-section-height-default\" data-id=\"9c69ae4\" data-element_type=\"section\" data-e-type=\"section\">\n\t\t\t\t\t\t<div class=\"elementor-container elementor-column-gap-default\">\n\t\t\t\t\t<div class=\"elementor-column elementor-col-50 elementor-inner-column elementor-element elementor-element-c2efc6c\" data-id=\"c2efc6c\" data-element_type=\"column\" data-e-type=\"column\">\n\t\t\t<div class=\"elementor-widget-wrap elementor-element-populated\">\n\t\t\t\t\t\t<div class=\"elementor-element elementor-element-c4c01ce elementor-widget elementor-widget-image\" data-id=\"c4c01ce\" data-element_type=\"widget\" data-e-type=\"widget\" data-widget_type=\"image.default\">\n\t\t\t\t<div class=\"elementor-widget-container\">\n\t\t\t\t\t\t\t\t\t\t\t\t\t\t\t<img decoding=\"async\" width=\"447\" height=\"305\" src=\"https:\/\/u-build.es\/wp-content\/uploads\/2021\/11\/post-services-03.jpg\" class=\"attachment-large size-large wp-image-1555\" alt=\"\" srcset=\"https:\/\/u-build.es\/wp-content\/uploads\/2021\/11\/post-services-03.jpg 447w, https:\/\/u-build.es\/wp-content\/uploads\/2021\/11\/post-services-03-300x205.jpg 300w\" sizes=\"(max-width: 447px) 100vw, 447px\" \/>\t\t\t\t\t\t\t\t\t\t\t\t\t\t\t<\/div>\n\t\t\t\t<\/div>\n\t\t\t\t\t<\/div>\n\t\t<\/div>\n\t\t\t\t<div class=\"elementor-column elementor-col-50 elementor-inner-column elementor-element elementor-element-74e062e\" data-id=\"74e062e\" data-element_type=\"column\" data-e-type=\"column\">\n\t\t\t<div class=\"elementor-widget-wrap elementor-element-populated\">\n\t\t\t\t\t\t<div class=\"elementor-element elementor-element-7bd15b2 elementor-widget elementor-widget-heading\" data-id=\"7bd15b2\" data-element_type=\"widget\" data-e-type=\"widget\" data-widget_type=\"heading.default\">\n\t\t\t\t<div class=\"elementor-widget-container\">\n\t\t\t\t\t<h2 class=\"elementor-heading-title elementor-size-default\">Planificando el medio ambiente<\/h2>\t\t\t\t<\/div>\n\t\t\t\t<\/div>\n\t\t\t\t<div class=\"elementor-element elementor-element-61fa212 elementor-widget elementor-widget-text-editor\" data-id=\"61fa212\" data-element_type=\"widget\" data-e-type=\"widget\" data-widget_type=\"text-editor.default\">\n\t\t\t\t<div class=\"elementor-widget-container\">\n\t\t\t\t\t\t\t\t\t<p><span>Aliquam erat volutpat.\u00a0<\/span><span>Duis nec luctus magna, ut mollis libero.\u00a0<\/span><span>Aenean non lacus tincidunt, ornare mauris aliquet, ultricies velit.\u00a0<\/span><span>Ut porta risus ac justo laoreet congue.\u00a0<\/span><span>Morbi sed varius odio, id vestibulum tellus.\u00a0<\/span><span>Aliquam sem felis, vehicula at qu pellentesque malesuada lectus.\u00a0<\/span><span>Curabitur quis sem non odio dictum posuerel nec orci.\u00a0<\/span><span>Nunc laoreet lectus effitur, laoreet ipsum in, congue nunc.\u00a0<\/span><span>Praesent fringilla, ipsum euismod eleifend pulvinar, enulla tristique enim, nec sagittis lacus leo non mi.\u00a0<\/span><span>Entero velit mauris laoreet id gravida sed, vehicula vitae elit.\u00a0<\/span><span>Nunc ornare bibendum<\/span><\/p>\t\t\t\t\t\t\t\t<\/div>\n\t\t\t\t<\/div>\n\t\t\t\t\t<\/div>\n\t\t<\/div>\n\t\t\t\t\t<\/div>\n\t\t<\/section>\n\t\t\t\t<div class=\"elementor-element elementor-element-6c240ef elementor-widget elementor-widget-text-editor\" data-id=\"6c240ef\" data-element_type=\"widget\" data-e-type=\"widget\" data-widget_type=\"text-editor.default\">\n\t\t\t\t<div class=\"elementor-widget-container\">\n\t\t\t\t\t\t\t\t\t<p><span>Suspendisse eu feugiat purus, eget rhoncus sem.\u00a0<\/span><span>Fusce id mi en semtate libero in, viver.\u00a0<\/span><span>Etiam effitur lobortis lacus eget egestas.\u00a0<\/span><span>Vestibulum en eros vulputate, vulputate libero in, viverra felis.\u00a0<\/span><span>En eget vestibulum tellus.\u00a0<\/span><span>Nunc dignissim ultricies turpis sit a kimperdiet.\u00a0<\/span><span>Sed nec malesuada felis.\u00a0<\/span><span>Vivamus ac posuere lorem, sit amet lacinia mauris tate libero in, viver estibulum en eros vulputate estibulum en<\/span><\/p>\t\t\t\t\t\t\t\t<\/div>\n\t\t\t\t<\/div>\n\t\t\t\t\t<\/div>\n\t\t<\/div>\n\t\t\t\t\t<\/div>\n\t\t<\/section>\n\t\t\t\t<\/div>","protected":false},"excerpt":{"rendered":"<p>ASESOR\u00cdAS Planificaci\u00f3n arquitect\u00f3nica Suspendisse imperdiet quis elit vitae viverra.\u00a0Suspendisse en ultrices augue.\u00a0Donec nec tristique augue.\u00a0En eget viverra urna, un lobortis lacus.\u00a0Morbi aliquam ornare erat, in tempor libero eleifend non.\u00a0Mauris convallis sodales mauris, placerat porta magna venenatis quis.\u00a0En at tellus orci.\u00a0Mauris arcu orci, euismod nec dictum nec, cursus en quam.\u00a0Duis vel vulputate dolor Nulla nisl ante, [&hellip;]<\/p>\n","protected":false},"author":1,"featured_media":0,"parent":0,"menu_order":0,"comment_status":"closed","ping_status":"closed","template":"","meta":{"_acf_changed":false,"inline_featured_image":false,"site-sidebar-layout":"no-sidebar","site-content-layout":"page-builder","ast-site-content-layout":"default","site-content-style":"default","site-sidebar-style":"default","ast-global-header-display":"","ast-banner-title-visibility":"","ast-main-header-display":"","ast-hfb-above-header-display":"","ast-hfb-below-header-display":"","ast-hfb-mobile-header-display":"","site-post-title":"disabled","ast-breadcrumbs-content":"","ast-featured-img":"disabled","footer-sml-layout":"","ast-disable-related-posts":"","theme-transparent-header-meta":"default","adv-header-id-meta":"","stick-header-meta":"","header-above-stick-meta":"","header-main-stick-meta":"","header-below-stick-meta":"","astra-migrate-meta-layouts":"default","ast-page-background-enabled":"default","ast-page-background-meta":{"desktop":{"background-color":"","background-image":"","background-repeat":"repeat","background-position":"center center","background-size":"auto","background-attachment":"scroll","background-type":"","background-media":"","overlay-type":"","overlay-color":"","overlay-opacity":"","overlay-gradient":""},"tablet":{"background-color":"","background-image":"","background-repeat":"repeat","background-position":"center center","background-size":"auto","background-attachment":"scroll","background-type":"","background-media":"","overlay-type":"","overlay-color":"","overlay-opacity":"","overlay-gradient":""},"mobile":{"background-color":"","background-image":"","background-repeat":"repeat","background-position":"center center","background-size":"auto","background-attachment":"scroll","background-type":"","background-media":"","overlay-type":"","overlay-color":"","overlay-opacity":"","overlay-gradient":""}},"ast-content-background-meta":{"desktop":{"background-color":"var(--ast-global-color-5)","background-image":"","background-repeat":"repeat","background-position":"center center","background-size":"auto","background-attachment":"scroll","background-type":"","background-media":"","overlay-type":"","overlay-color":"","overlay-opacity":"","overlay-gradient":""},"tablet":{"background-color":"var(--ast-global-color-5)","background-image":"","background-repeat":"repeat","background-position":"center center","background-size":"auto","background-attachment":"scroll","background-type":"","background-media":"","overlay-type":"","overlay-color":"","overlay-opacity":"","overlay-gradient":""},"mobile":{"background-color":"var(--ast-global-color-5)","background-image":"","background-repeat":"repeat","background-position":"center center","background-size":"auto","background-attachment":"scroll","background-type":"","background-media":"","overlay-type":"","overlay-color":"","overlay-opacity":"","overlay-gradient":""}},"_joinchat":[],"footnotes":""},"class_list":["post-1548","page","type-page","status-publish","hentry"],"acf":[],"aioseo_notices":[],"_links":{"self":[{"href":"https:\/\/u-build.es\/en\/wp-json\/wp\/v2\/pages\/1548","targetHints":{"allow":["GET"]}}],"collection":[{"href":"https:\/\/u-build.es\/en\/wp-json\/wp\/v2\/pages"}],"about":[{"href":"https:\/\/u-build.es\/en\/wp-json\/wp\/v2\/types\/page"}],"author":[{"embeddable":true,"href":"https:\/\/u-build.es\/en\/wp-json\/wp\/v2\/users\/1"}],"replies":[{"embeddable":true,"href":"https:\/\/u-build.es\/en\/wp-json\/wp\/v2\/comments?post=1548"}],"version-history":[{"count":25,"href":"https:\/\/u-build.es\/en\/wp-json\/wp\/v2\/pages\/1548\/revisions"}],"predecessor-version":[{"id":1576,"href":"https:\/\/u-build.es\/en\/wp-json\/wp\/v2\/pages\/1548\/revisions\/1576"}],"wp:attachment":[{"href":"https:\/\/u-build.es\/en\/wp-json\/wp\/v2\/media?parent=1548"}],"curies":[{"name":"wp","href":"https:\/\/api.w.org\/{rel}","templated":true}]}}