{"id":5511,"date":"2024-04-30T23:00:02","date_gmt":"2024-04-30T23:00:02","guid":{"rendered":"https:\/\/urbelca.com\/?page_id=5511"},"modified":"2024-04-30T23:09:55","modified_gmt":"2024-04-30T23:09:55","slug":"garantias","status":"publish","type":"page","link":"https:\/\/u-build.es\/en\/garantias\/","title":{"rendered":"Garant\u00edas"},"content":{"rendered":"<div data-elementor-type=\"wp-page\" data-elementor-id=\"5511\" class=\"elementor elementor-5511\" data-elementor-post-type=\"page\">\n\t\t\t\t\t\t<section class=\"elementor-section elementor-top-section elementor-element elementor-element-e7a98ce elementor-section-full_width elementor-section-height-default elementor-section-height-default\" data-id=\"e7a98ce\" data-element_type=\"section\" data-e-type=\"section\" data-settings=\"{&quot;background_background&quot;:&quot;classic&quot;}\">\n\t\t\t\t\t\t<div class=\"elementor-container elementor-column-gap-default\">\n\t\t\t\t\t<div class=\"elementor-column elementor-col-50 elementor-top-column elementor-element elementor-element-0fe7b74\" data-id=\"0fe7b74\" data-element_type=\"column\" data-e-type=\"column\">\n\t\t\t<div class=\"elementor-widget-wrap elementor-element-populated\">\n\t\t\t\t\t\t<div class=\"elementor-element elementor-element-b4ddb2b elementor-hidden-mobile elementor-widget elementor-widget-image\" data-id=\"b4ddb2b\" data-element_type=\"widget\" data-e-type=\"widget\" data-widget_type=\"image.default\">\n\t\t\t\t<div class=\"elementor-widget-container\">\n\t\t\t\t\t\t\t\t\t\t\t\t\t\t\t\t<a href=\"https:\/\/u-build.es\/en\/\">\n\t\t\t\t\t\t\t<img fetchpriority=\"high\" decoding=\"async\" width=\"1024\" height=\"1024\" src=\"https:\/\/u-build.es\/wp-content\/uploads\/2023\/02\/isourbelca2.svg\" class=\"attachment-large size-large wp-image-3089\" alt=\"\" \/>\t\t\t\t\t\t\t\t<\/a>\n\t\t\t\t\t\t\t\t\t\t\t\t\t\t\t<\/div>\n\t\t\t\t<\/div>\n\t\t\t\t\t<\/div>\n\t\t<\/div>\n\t\t\t\t<div class=\"elementor-column elementor-col-50 elementor-top-column elementor-element elementor-element-ff3d968\" data-id=\"ff3d968\" data-element_type=\"column\" data-e-type=\"column\">\n\t\t\t<div class=\"elementor-widget-wrap elementor-element-populated\">\n\t\t\t\t\t\t<div class=\"elementor-element elementor-element-f823ff6 animated-slow elementor-invisible elementor-widget elementor-widget-heading\" data-id=\"f823ff6\" data-element_type=\"widget\" data-e-type=\"widget\" data-settings=\"{&quot;_animation&quot;:&quot;fadeInRight&quot;}\" data-widget_type=\"heading.default\">\n\t\t\t\t<div class=\"elementor-widget-container\">\n\t\t\t\t\t<h2 class=\"elementor-heading-title elementor-size-default\">Garant\u00edas<\/h2>\t\t\t\t<\/div>\n\t\t\t\t<\/div>\n\t\t\t\t\t<\/div>\n\t\t<\/div>\n\t\t\t\t\t<\/div>\n\t\t<\/section>\n\t\t\t\t<section class=\"elementor-section elementor-top-section elementor-element elementor-element-bd2690c elementor-section-boxed elementor-section-height-default elementor-section-height-default\" data-id=\"bd2690c\" data-element_type=\"section\" data-e-type=\"section\">\n\t\t\t\t\t\t<div class=\"elementor-container elementor-column-gap-default\">\n\t\t\t\t\t<div class=\"elementor-column elementor-col-100 elementor-top-column elementor-element elementor-element-c5f23cb\" data-id=\"c5f23cb\" data-element_type=\"column\" data-e-type=\"column\">\n\t\t\t<div class=\"elementor-widget-wrap elementor-element-populated\">\n\t\t\t\t\t\t<div class=\"elementor-element elementor-element-48c8eb0 animated-slow elementor-invisible elementor-widget elementor-widget-text-editor\" data-id=\"48c8eb0\" data-element_type=\"widget\" data-e-type=\"widget\" data-settings=\"{&quot;_animation&quot;:&quot;fadeInLeft&quot;}\" data-widget_type=\"text-editor.default\">\n\t\t\t\t<div class=\"elementor-widget-container\">\n\t\t\t\t\t\t\t\t\tEn URBELCA nos comprometemos a ofrecerte una experiencia de compra en l\u00ednea sin\npreocupaciones. Entendemos la importancia de tu inversi\u00f3n y queremos que te\nsientas seguro al realizar tus compras con nosotros.\t\t\t\t\t\t\t\t<\/div>\n\t\t\t\t<\/div>\n\t\t\t\t<div class=\"elementor-element elementor-element-0da57ee animated-slow elementor-invisible elementor-widget elementor-widget-heading\" data-id=\"0da57ee\" data-element_type=\"widget\" data-e-type=\"widget\" data-settings=\"{&quot;_animation&quot;:&quot;fadeInDown&quot;}\" data-widget_type=\"heading.default\">\n\t\t\t\t<div class=\"elementor-widget-container\">\n\t\t\t\t\t<h2 class=\"elementor-heading-title elementor-size-default\">\u00bfQu\u00e9 Cubre Nuestra Garant\u00eda?<\/h2>\t\t\t\t<\/div>\n\t\t\t\t<\/div>\n\t\t\t\t<div class=\"elementor-element elementor-element-2e07b6c animated-slow elementor-invisible elementor-widget elementor-widget-text-editor\" data-id=\"2e07b6c\" data-element_type=\"widget\" data-e-type=\"widget\" data-settings=\"{&quot;_animation&quot;:&quot;fadeInLeft&quot;}\" data-widget_type=\"text-editor.default\">\n\t\t\t\t<div class=\"elementor-widget-container\">\n\t\t\t\t\t\t\t\t\t<p>\u2022 Garant\u00eda de Funcionamiento: Todos\u00a0 nuestros productos est\u00e1n respaldados con una s\u00f3lida garant\u00eda 2 a\u00f1os a partir de la fecha de compra.<\/p><p>\u2022 Calidad y Durabilidad: Nos comprometemos a ofrecerte productos de la m\u00e1s alta calidad. Si descubres alg\u00fan defecto de fabricaci\u00f3n dentro de los primeros 2 a\u00f1os posteriores a la compra, estaremos encantados de reemplazar el producto sin costo adicional para ti.<\/p><p>\u2022 Soporte al Cliente: Nuestro equipo de atenci\u00f3n al cliente est\u00e1 disponible para ayudarte con cualquier pregunta o inquietud que puedas tener sobre tus compras. Ya sea que necesites asistencia con la instalaci\u00f3n, el uso o la resoluci\u00f3n de problemas, estamos aqu\u00ed para brindarte el apoyo que necesitas.<\/p>\t\t\t\t\t\t\t\t<\/div>\n\t\t\t\t<\/div>\n\t\t\t\t<div class=\"elementor-element elementor-element-033e0fa animated-slow elementor-invisible elementor-widget elementor-widget-heading\" data-id=\"033e0fa\" data-element_type=\"widget\" data-e-type=\"widget\" data-settings=\"{&quot;_animation&quot;:&quot;fadeInDown&quot;}\" data-widget_type=\"heading.default\">\n\t\t\t\t<div class=\"elementor-widget-container\">\n\t\t\t\t\t<h2 class=\"elementor-heading-title elementor-size-default\">\u00bfC\u00f3mo Reclamar tu Garant\u00eda?<\/h2>\t\t\t\t<\/div>\n\t\t\t\t<\/div>\n\t\t\t\t<div class=\"elementor-element elementor-element-1fd3f2c animated-slow elementor-invisible elementor-widget elementor-widget-text-editor\" data-id=\"1fd3f2c\" data-element_type=\"widget\" data-e-type=\"widget\" data-settings=\"{&quot;_animation&quot;:&quot;fadeInLeft&quot;}\" data-widget_type=\"text-editor.default\">\n\t\t\t\t<div class=\"elementor-widget-container\">\n\t\t\t\t\t\t\t\t\t<p>1. Contacta con Nosotros: Si experimentas alg\u00fan problema con tu producto cubierto por la garant\u00eda, simplemente ponte en contacto con nuestro equipo de atenci\u00f3n al cliente. Estaremos encantados de ayudarte a resolver cualquier problema que puedas tener.<\/p><p>2. Proceso de Reemplazo o Reparaci\u00f3n: Dependiendo de la naturaleza del problema, te ofreceremos un reemplazo gratuito o reparaci\u00f3n del producto defectuoso. Nos esforzaremos por resolver cualquier problema de manera r\u00e1pida y sin inconvenientes.<\/p><p>\u00a1Gracias por elegirnos!<\/p>\t\t\t\t\t\t\t\t<\/div>\n\t\t\t\t<\/div>\n\t\t\t\t\t<\/div>\n\t\t<\/div>\n\t\t\t\t\t<\/div>\n\t\t<\/section>\n\t\t\t\t<\/div>","protected":false},"excerpt":{"rendered":"<p>Garant\u00edas En URBELCA nos comprometemos a ofrecerte una experiencia de compra en l\u00ednea sin preocupaciones. Entendemos la importancia de tu inversi\u00f3n y queremos que te sientas seguro al realizar tus compras con nosotros. \u00bfQu\u00e9 Cubre Nuestra Garant\u00eda? \u2022 Garant\u00eda de Funcionamiento: Todos\u00a0 nuestros productos est\u00e1n respaldados con una s\u00f3lida garant\u00eda 2 a\u00f1os a partir de [&hellip;]<\/p>\n","protected":false},"author":1,"featured_media":0,"parent":0,"menu_order":0,"comment_status":"closed","ping_status":"closed","template":"","meta":{"_acf_changed":false,"inline_featured_image":false,"site-sidebar-layout":"no-sidebar","site-content-layout":"page-builder","ast-site-content-layout":"default","site-content-style":"default","site-sidebar-style":"default","ast-global-header-display":"","ast-banner-title-visibility":"","ast-main-header-display":"","ast-hfb-above-header-display":"","ast-hfb-below-header-display":"","ast-hfb-mobile-header-display":"","site-post-title":"disabled","ast-breadcrumbs-content":"","ast-featured-img":"disabled","footer-sml-layout":"","ast-disable-related-posts":"","theme-transparent-header-meta":"","adv-header-id-meta":"","stick-header-meta":"","header-above-stick-meta":"","header-main-stick-meta":"","header-below-stick-meta":"","astra-migrate-meta-layouts":"default","ast-page-background-enabled":"default","ast-page-background-meta":{"desktop":{"background-color":"","background-image":"","background-repeat":"repeat","background-position":"center center","background-size":"auto","background-attachment":"scroll","background-type":"","background-media":"","overlay-type":"","overlay-color":"","overlay-opacity":"","overlay-gradient":""},"tablet":{"background-color":"","background-image":"","background-repeat":"repeat","background-position":"center center","background-size":"auto","background-attachment":"scroll","background-type":"","background-media":"","overlay-type":"","overlay-color":"","overlay-opacity":"","overlay-gradient":""},"mobile":{"background-color":"","background-image":"","background-repeat":"repeat","background-position":"center center","background-size":"auto","background-attachment":"scroll","background-type":"","background-media":"","overlay-type":"","overlay-color":"","overlay-opacity":"","overlay-gradient":""}},"ast-content-background-meta":{"desktop":{"background-color":"var(--ast-global-color-5)","background-image":"","background-repeat":"repeat","background-position":"center center","background-size":"auto","background-attachment":"scroll","background-type":"","background-media":"","overlay-type":"","overlay-color":"","overlay-opacity":"","overlay-gradient":""},"tablet":{"background-color":"var(--ast-global-color-5)","background-image":"","background-repeat":"repeat","background-position":"center center","background-size":"auto","background-attachment":"scroll","background-type":"","background-media":"","overlay-type":"","overlay-color":"","overlay-opacity":"","overlay-gradient":""},"mobile":{"background-color":"var(--ast-global-color-5)","background-image":"","background-repeat":"repeat","background-position":"center center","background-size":"auto","background-attachment":"scroll","background-type":"","background-media":"","overlay-type":"","overlay-color":"","overlay-opacity":"","overlay-gradient":""}},"_joinchat":[],"footnotes":""},"class_list":["post-5511","page","type-page","status-publish","hentry"],"acf":[],"aioseo_notices":[],"_links":{"self":[{"href":"https:\/\/u-build.es\/en\/wp-json\/wp\/v2\/pages\/5511","targetHints":{"allow":["GET"]}}],"collection":[{"href":"https:\/\/u-build.es\/en\/wp-json\/wp\/v2\/pages"}],"about":[{"href":"https:\/\/u-build.es\/en\/wp-json\/wp\/v2\/types\/page"}],"author":[{"embeddable":true,"href":"https:\/\/u-build.es\/en\/wp-json\/wp\/v2\/users\/1"}],"replies":[{"embeddable":true,"href":"https:\/\/u-build.es\/en\/wp-json\/wp\/v2\/comments?post=5511"}],"version-history":[{"count":10,"href":"https:\/\/u-build.es\/en\/wp-json\/wp\/v2\/pages\/5511\/revisions"}],"predecessor-version":[{"id":5521,"href":"https:\/\/u-build.es\/en\/wp-json\/wp\/v2\/pages\/5511\/revisions\/5521"}],"wp:attachment":[{"href":"https:\/\/u-build.es\/en\/wp-json\/wp\/v2\/media?parent=5511"}],"curies":[{"name":"wp","href":"https:\/\/api.w.org\/{rel}","templated":true}]}}